{"id":38,"date":"2013-12-17T13:00:32","date_gmt":"2013-12-17T11:00:32","guid":{"rendered":"http:\/\/slanedeti.sk\/phprs\/cms\/?page_id=38"},"modified":"2014-04-07T16:36:33","modified_gmt":"2014-04-07T15:36:33","slug":"titulna-stranka","status":"publish","type":"page","link":"https:\/\/slanedeti.sk\/cms\/","title":{"rendered":"Slan\u00e9 deti"},"content":{"rendered":"","protected":false},"excerpt":{"rendered":"","protected":false},"author":2,"featured_media":0,"parent":0,"menu_order":0,"comment_status":"closed","ping_status":"closed","template":"page-blog.php","meta":{"kt_blocks_editor_width":"","footnotes":""},"class_list":["post-38","page","type-page","status-publish","hentry"],"yoast_head":"<!-- This site is optimized with the Yoast SEO plugin v27.5 - https:\/\/yoast.com\/product\/yoast-seo-wordpress\/ -->\n<title>Slan\u00e9 deti - Slan\u00e9 deti<\/title>\n<meta name=\"description\" content=\"Zmyslom ob\u010dianskeho zdru\u017eenia Priatelia slan\u00fdch det\u00ed je pomoc \u013eu\u010fom s diagn\u00f3zou cystick\u00e1 fibr\u00f3za a ich rodin\u00e1m. \u0160\u00edrime povedomie o cystickej fibr\u00f3ze cez odborn\u00e9 \u010dl\u00e1nky, novinky v lie\u010dbe, pr\u00edspevkov zo \u017eivota pacientov, soci\u00e1lnej oblasti, z\u00e1konov.\" \/>\n<meta name=\"robots\" content=\"index, follow, max-snippet:-1, max-image-preview:large, max-video-preview:-1\" \/>\n<link rel=\"canonical\" href=\"https:\/\/slanedeti.sk\/cms\/\" \/>\n<meta property=\"og:locale\" content=\"sk_SK\" \/>\n<meta property=\"og:type\" content=\"article\" \/>\n<meta property=\"og:title\" content=\"Slan\u00e9 deti - Slan\u00e9 deti\" \/>\n<meta property=\"og:description\" content=\"Zmyslom ob\u010dianskeho zdru\u017eenia Priatelia slan\u00fdch det\u00ed je pomoc \u013eu\u010fom s diagn\u00f3zou cystick\u00e1 fibr\u00f3za a ich rodin\u00e1m. \u0160\u00edrime povedomie o cystickej fibr\u00f3ze cez odborn\u00e9 \u010dl\u00e1nky, novinky v lie\u010dbe, pr\u00edspevkov zo \u017eivota pacientov, soci\u00e1lnej oblasti, z\u00e1konov.\" \/>\n<meta property=\"og:url\" content=\"https:\/\/slanedeti.sk\/cms\/\" \/>\n<meta property=\"og:site_name\" content=\"Slan\u00e9 deti\" \/>\n<meta property=\"article:publisher\" content=\"http:\/\/www.facebook.com\/slanedeti\" \/>\n<meta property=\"article:modified_time\" content=\"2014-04-07T15:36:33+00:00\" \/>\n<script type=\"application\/ld+json\" class=\"yoast-schema-graph\">{\"@context\":\"https:\\\/\\\/schema.org\",\"@graph\":[{\"@type\":\"WebPage\",\"@id\":\"https:\\\/\\\/slanedeti.sk\\\/cms\\\/\",\"url\":\"https:\\\/\\\/slanedeti.sk\\\/cms\\\/\",\"name\":\"Slan\u00e9 deti - Slan\u00e9 deti\",\"isPartOf\":{\"@id\":\"https:\\\/\\\/slanedeti.sk\\\/cms\\\/#website\"},\"datePublished\":\"2013-12-17T11:00:32+00:00\",\"dateModified\":\"2014-04-07T15:36:33+00:00\",\"description\":\"Zmyslom ob\u010dianskeho zdru\u017eenia Priatelia slan\u00fdch det\u00ed je pomoc \u013eu\u010fom s diagn\u00f3zou cystick\u00e1 fibr\u00f3za a ich rodin\u00e1m. \u0160\u00edrime povedomie o cystickej fibr\u00f3ze cez odborn\u00e9 \u010dl\u00e1nky, novinky v lie\u010dbe, pr\u00edspevkov zo \u017eivota pacientov, soci\u00e1lnej oblasti, z\u00e1konov.\",\"inLanguage\":\"sk-SK\",\"potentialAction\":[{\"@type\":\"ReadAction\",\"target\":[\"https:\\\/\\\/slanedeti.sk\\\/cms\\\/\"]}]},{\"@type\":\"WebSite\",\"@id\":\"https:\\\/\\\/slanedeti.sk\\\/cms\\\/#website\",\"url\":\"https:\\\/\\\/slanedeti.sk\\\/cms\\\/\",\"name\":\"Slan\u00e9 deti\",\"description\":\"Inform\u00e1cie o cystickej fibr\u00f3ze\",\"potentialAction\":[{\"@type\":\"SearchAction\",\"target\":{\"@type\":\"EntryPoint\",\"urlTemplate\":\"https:\\\/\\\/slanedeti.sk\\\/cms\\\/?s={search_term_string}\"},\"query-input\":{\"@type\":\"PropertyValueSpecification\",\"valueRequired\":true,\"valueName\":\"search_term_string\"}}],\"inLanguage\":\"sk-SK\"}]}<\/script>\n<!-- \/ Yoast SEO plugin. -->","yoast_head_json":{"title":"Slan\u00e9 deti - Slan\u00e9 deti","description":"Zmyslom ob\u010dianskeho zdru\u017eenia Priatelia slan\u00fdch det\u00ed je pomoc \u013eu\u010fom s diagn\u00f3zou cystick\u00e1 fibr\u00f3za a ich rodin\u00e1m. \u0160\u00edrime povedomie o cystickej fibr\u00f3ze cez odborn\u00e9 \u010dl\u00e1nky, novinky v lie\u010dbe, pr\u00edspevkov zo \u017eivota pacientov, soci\u00e1lnej oblasti, z\u00e1konov.","robots":{"index":"index","follow":"follow","max-snippet":"max-snippet:-1","max-image-preview":"max-image-preview:large","max-video-preview":"max-video-preview:-1"},"canonical":"https:\/\/slanedeti.sk\/cms\/","og_locale":"sk_SK","og_type":"article","og_title":"Slan\u00e9 deti - Slan\u00e9 deti","og_description":"Zmyslom ob\u010dianskeho zdru\u017eenia Priatelia slan\u00fdch det\u00ed je pomoc \u013eu\u010fom s diagn\u00f3zou cystick\u00e1 fibr\u00f3za a ich rodin\u00e1m. \u0160\u00edrime povedomie o cystickej fibr\u00f3ze cez odborn\u00e9 \u010dl\u00e1nky, novinky v lie\u010dbe, pr\u00edspevkov zo \u017eivota pacientov, soci\u00e1lnej oblasti, z\u00e1konov.","og_url":"https:\/\/slanedeti.sk\/cms\/","og_site_name":"Slan\u00e9 deti","article_publisher":"http:\/\/www.facebook.com\/slanedeti","article_modified_time":"2014-04-07T15:36:33+00:00","schema":{"@context":"https:\/\/schema.org","@graph":[{"@type":"WebPage","@id":"https:\/\/slanedeti.sk\/cms\/","url":"https:\/\/slanedeti.sk\/cms\/","name":"Slan\u00e9 deti - Slan\u00e9 deti","isPartOf":{"@id":"https:\/\/slanedeti.sk\/cms\/#website"},"datePublished":"2013-12-17T11:00:32+00:00","dateModified":"2014-04-07T15:36:33+00:00","description":"Zmyslom ob\u010dianskeho zdru\u017eenia Priatelia slan\u00fdch det\u00ed je pomoc \u013eu\u010fom s diagn\u00f3zou cystick\u00e1 fibr\u00f3za a ich rodin\u00e1m. \u0160\u00edrime povedomie o cystickej fibr\u00f3ze cez odborn\u00e9 \u010dl\u00e1nky, novinky v lie\u010dbe, pr\u00edspevkov zo \u017eivota pacientov, soci\u00e1lnej oblasti, z\u00e1konov.","inLanguage":"sk-SK","potentialAction":[{"@type":"ReadAction","target":["https:\/\/slanedeti.sk\/cms\/"]}]},{"@type":"WebSite","@id":"https:\/\/slanedeti.sk\/cms\/#website","url":"https:\/\/slanedeti.sk\/cms\/","name":"Slan\u00e9 deti","description":"Inform\u00e1cie o cystickej fibr\u00f3ze","potentialAction":[{"@type":"SearchAction","target":{"@type":"EntryPoint","urlTemplate":"https:\/\/slanedeti.sk\/cms\/?s={search_term_string}"},"query-input":{"@type":"PropertyValueSpecification","valueRequired":true,"valueName":"search_term_string"}}],"inLanguage":"sk-SK"}]}},"_links":{"self":[{"href":"https:\/\/slanedeti.sk\/cms\/wp-json\/wp\/v2\/pages\/38","targetHints":{"allow":["GET"]}}],"collection":[{"href":"https:\/\/slanedeti.sk\/cms\/wp-json\/wp\/v2\/pages"}],"about":[{"href":"https:\/\/slanedeti.sk\/cms\/wp-json\/wp\/v2\/types\/page"}],"author":[{"embeddable":true,"href":"https:\/\/slanedeti.sk\/cms\/wp-json\/wp\/v2\/users\/2"}],"replies":[{"embeddable":true,"href":"https:\/\/slanedeti.sk\/cms\/wp-json\/wp\/v2\/comments?post=38"}],"version-history":[{"count":0,"href":"https:\/\/slanedeti.sk\/cms\/wp-json\/wp\/v2\/pages\/38\/revisions"}],"wp:attachment":[{"href":"https:\/\/slanedeti.sk\/cms\/wp-json\/wp\/v2\/media?parent=38"}],"curies":[{"name":"wp","href":"https:\/\/api.w.org\/{rel}","templated":true}]}}