{"id":1675,"date":"2014-04-05T12:45:39","date_gmt":"2014-04-05T11:45:39","guid":{"rendered":"http:\/\/slanedeti.sk\/cms\/?page_id=1675"},"modified":"2014-04-05T13:29:47","modified_gmt":"2014-04-05T12:29:47","slug":"clanky","status":"publish","type":"page","link":"https:\/\/slanedeti.sk\/cms\/clanky","title":{"rendered":"Star\u0161ie \u010dl\u00e1nky"},"content":{"rendered":"","protected":false},"excerpt":{"rendered":"","protected":false},"author":2,"featured_media":0,"parent":0,"menu_order":0,"comment_status":"closed","ping_status":"closed","template":"page-blog.php","meta":{"kt_blocks_editor_width":"","footnotes":""},"class_list":["post-1675","page","type-page","status-publish","hentry"],"yoast_head":"<!-- This site is optimized with the Yoast SEO plugin v27.5 - https:\/\/yoast.com\/product\/yoast-seo-wordpress\/ -->\n<title>Star\u0161ie \u010dl\u00e1nky - Slan\u00e9 deti<\/title>\n<meta name=\"description\" content=\"\u010cl\u00e1nky o cystickej fibr\u00f3ze, o liekoch, pr\u00edstrojoch a \u017eivote s t\u00fdmto ochoren\u00edm. Priatelia slan\u00fdch det\u00ed pom\u00e1haj\u00fa de\u0165om aj dospel\u00fdm s cystickou fibr\u00f3zou.\" \/>\n<meta name=\"robots\" content=\"index, follow, max-snippet:-1, max-image-preview:large, max-video-preview:-1\" \/>\n<link rel=\"canonical\" href=\"https:\/\/slanedeti.sk\/cms\/clanky\" \/>\n<meta property=\"og:locale\" content=\"sk_SK\" \/>\n<meta property=\"og:type\" content=\"article\" \/>\n<meta property=\"og:title\" content=\"Star\u0161ie \u010dl\u00e1nky - Slan\u00e9 deti\" \/>\n<meta property=\"og:description\" content=\"\u010cl\u00e1nky o cystickej fibr\u00f3ze, o liekoch, pr\u00edstrojoch a \u017eivote s t\u00fdmto ochoren\u00edm. Priatelia slan\u00fdch det\u00ed pom\u00e1haj\u00fa de\u0165om aj dospel\u00fdm s cystickou fibr\u00f3zou.\" \/>\n<meta property=\"og:url\" content=\"https:\/\/slanedeti.sk\/cms\/clanky\" \/>\n<meta property=\"og:site_name\" content=\"Slan\u00e9 deti\" \/>\n<meta property=\"article:publisher\" content=\"http:\/\/www.facebook.com\/slanedeti\" \/>\n<meta property=\"article:modified_time\" content=\"2014-04-05T12:29:47+00:00\" \/>\n<script type=\"application\/ld+json\" class=\"yoast-schema-graph\">{\"@context\":\"https:\\\/\\\/schema.org\",\"@graph\":[{\"@type\":\"WebPage\",\"@id\":\"https:\\\/\\\/slanedeti.sk\\\/cms\\\/clanky\",\"url\":\"https:\\\/\\\/slanedeti.sk\\\/cms\\\/clanky\",\"name\":\"Star\u0161ie \u010dl\u00e1nky - Slan\u00e9 deti\",\"isPartOf\":{\"@id\":\"https:\\\/\\\/slanedeti.sk\\\/cms\\\/#website\"},\"datePublished\":\"2014-04-05T11:45:39+00:00\",\"dateModified\":\"2014-04-05T12:29:47+00:00\",\"description\":\"\u010cl\u00e1nky o cystickej fibr\u00f3ze, o liekoch, pr\u00edstrojoch a \u017eivote s t\u00fdmto ochoren\u00edm. Priatelia slan\u00fdch det\u00ed pom\u00e1haj\u00fa de\u0165om aj dospel\u00fdm s cystickou fibr\u00f3zou.\",\"inLanguage\":\"sk-SK\",\"potentialAction\":[{\"@type\":\"ReadAction\",\"target\":[\"https:\\\/\\\/slanedeti.sk\\\/cms\\\/clanky\"]}]},{\"@type\":\"WebSite\",\"@id\":\"https:\\\/\\\/slanedeti.sk\\\/cms\\\/#website\",\"url\":\"https:\\\/\\\/slanedeti.sk\\\/cms\\\/\",\"name\":\"Slan\u00e9 deti\",\"description\":\"Inform\u00e1cie o cystickej fibr\u00f3ze\",\"potentialAction\":[{\"@type\":\"SearchAction\",\"target\":{\"@type\":\"EntryPoint\",\"urlTemplate\":\"https:\\\/\\\/slanedeti.sk\\\/cms\\\/?s={search_term_string}\"},\"query-input\":{\"@type\":\"PropertyValueSpecification\",\"valueRequired\":true,\"valueName\":\"search_term_string\"}}],\"inLanguage\":\"sk-SK\"}]}<\/script>\n<!-- \/ Yoast SEO plugin. -->","yoast_head_json":{"title":"Star\u0161ie \u010dl\u00e1nky - Slan\u00e9 deti","description":"\u010cl\u00e1nky o cystickej fibr\u00f3ze, o liekoch, pr\u00edstrojoch a \u017eivote s t\u00fdmto ochoren\u00edm. Priatelia slan\u00fdch det\u00ed pom\u00e1haj\u00fa de\u0165om aj dospel\u00fdm s cystickou fibr\u00f3zou.","robots":{"index":"index","follow":"follow","max-snippet":"max-snippet:-1","max-image-preview":"max-image-preview:large","max-video-preview":"max-video-preview:-1"},"canonical":"https:\/\/slanedeti.sk\/cms\/clanky","og_locale":"sk_SK","og_type":"article","og_title":"Star\u0161ie \u010dl\u00e1nky - Slan\u00e9 deti","og_description":"\u010cl\u00e1nky o cystickej fibr\u00f3ze, o liekoch, pr\u00edstrojoch a \u017eivote s t\u00fdmto ochoren\u00edm. Priatelia slan\u00fdch det\u00ed pom\u00e1haj\u00fa de\u0165om aj dospel\u00fdm s cystickou fibr\u00f3zou.","og_url":"https:\/\/slanedeti.sk\/cms\/clanky","og_site_name":"Slan\u00e9 deti","article_publisher":"http:\/\/www.facebook.com\/slanedeti","article_modified_time":"2014-04-05T12:29:47+00:00","schema":{"@context":"https:\/\/schema.org","@graph":[{"@type":"WebPage","@id":"https:\/\/slanedeti.sk\/cms\/clanky","url":"https:\/\/slanedeti.sk\/cms\/clanky","name":"Star\u0161ie \u010dl\u00e1nky - Slan\u00e9 deti","isPartOf":{"@id":"https:\/\/slanedeti.sk\/cms\/#website"},"datePublished":"2014-04-05T11:45:39+00:00","dateModified":"2014-04-05T12:29:47+00:00","description":"\u010cl\u00e1nky o cystickej fibr\u00f3ze, o liekoch, pr\u00edstrojoch a \u017eivote s t\u00fdmto ochoren\u00edm. Priatelia slan\u00fdch det\u00ed pom\u00e1haj\u00fa de\u0165om aj dospel\u00fdm s cystickou fibr\u00f3zou.","inLanguage":"sk-SK","potentialAction":[{"@type":"ReadAction","target":["https:\/\/slanedeti.sk\/cms\/clanky"]}]},{"@type":"WebSite","@id":"https:\/\/slanedeti.sk\/cms\/#website","url":"https:\/\/slanedeti.sk\/cms\/","name":"Slan\u00e9 deti","description":"Inform\u00e1cie o cystickej fibr\u00f3ze","potentialAction":[{"@type":"SearchAction","target":{"@type":"EntryPoint","urlTemplate":"https:\/\/slanedeti.sk\/cms\/?s={search_term_string}"},"query-input":{"@type":"PropertyValueSpecification","valueRequired":true,"valueName":"search_term_string"}}],"inLanguage":"sk-SK"}]}},"_links":{"self":[{"href":"https:\/\/slanedeti.sk\/cms\/wp-json\/wp\/v2\/pages\/1675","targetHints":{"allow":["GET"]}}],"collection":[{"href":"https:\/\/slanedeti.sk\/cms\/wp-json\/wp\/v2\/pages"}],"about":[{"href":"https:\/\/slanedeti.sk\/cms\/wp-json\/wp\/v2\/types\/page"}],"author":[{"embeddable":true,"href":"https:\/\/slanedeti.sk\/cms\/wp-json\/wp\/v2\/users\/2"}],"replies":[{"embeddable":true,"href":"https:\/\/slanedeti.sk\/cms\/wp-json\/wp\/v2\/comments?post=1675"}],"version-history":[{"count":0,"href":"https:\/\/slanedeti.sk\/cms\/wp-json\/wp\/v2\/pages\/1675\/revisions"}],"wp:attachment":[{"href":"https:\/\/slanedeti.sk\/cms\/wp-json\/wp\/v2\/media?parent=1675"}],"curies":[{"name":"wp","href":"https:\/\/api.w.org\/{rel}","templated":true}]}}